{"id":703,"date":"2022-08-29T17:30:56","date_gmt":"2022-08-29T17:30:56","guid":{"rendered":"https:\/\/mskssamorin.sk\/kontakt\/"},"modified":"2026-01-23T09:04:28","modified_gmt":"2026-01-23T09:04:28","slug":"kontakt","status":"publish","type":"page","link":"https:\/\/mskssamorin.sk\/hu\/kontakt\/","title":{"rendered":"Kapcsolat"},"content":{"rendered":"\n<p class=\"has-black-color has-text-color has-link-color wp-elements-77bc6c9a4538c6793b4caeeb46d3eb09\"><strong>V\u00e1rosi M\u0171vel\u0151d\u00e9si K\u00f6zpont<\/strong><\/p>\n\n\n\n<p class=\"has-black-color has-text-color has-link-color wp-elements-b8016a9b12667363bcebf522f8510993\">Szent Istv\u00e1n t\u00e9r 489\/2, 931 01 Somorja<br>tel.: +421-31-562 22 41<br>e-mail: msks @ mskssamorin.sk<br>I\u010cO&nbsp;(statisztikai azonos\u00edt\u00f3): 00059323<br>DI\u010c (ad\u00f3sz\u00e1m): 2021151660<\/p>\n\n\n\n<p class=\"has-black-color has-text-color has-link-color wp-elements-20f69543116dc8eaa72fe941079e1bc1\"><strong>Igazgat\u00f3:<\/strong> Nagy Myrtil, riaditel @ mskssamorin.sk, +421-31-562 33 22, +421-903-752 663<\/p>\n\n\n\n<p class=\"has-black-color has-text-color has-link-color wp-elements-5d1cab7961b3a7c654b924db3ee5d6b5\"><strong>Gazdas\u00e1gi oszt\u00e1ly:<\/strong>&nbsp;Kov\u00e1cs Erika, uctaren @ mskssamorin.sk,&nbsp;+421-31-560 33 81<\/p>\n\n\n\n<p class=\"has-black-color has-text-color has-link-color wp-elements-47a4ea96c27fc1349492e520cef664ec\"><strong>Sz\u00ednh\u00e1zi m\u0171sorszervez\u00e9s: <\/strong>\u00dcrge Czafik Aranka, aranka @ mskssamorin.sk,&nbsp;+421-31-562 22 41<\/p>\n\n\n\n<p class=\"has-black-color has-text-color has-link-color wp-elements-31bae15163fa240776312b650b7934ad\"><strong>M\u0171sorszervez\u00e9s:<\/strong><br>Latk\u00f3czy B\u00e9la, msks @ mskssamorin.sk,&nbsp;+421-31-562 22 41<br>Tuba D\u00e1niel, msks @ mskssamorin.sk, +421-31-562 22 41<\/p>\n\n\n\n<p class=\"has-black-color has-text-color has-link-color wp-elements-3e7ae5013a57706e986c71f264c7ed5b\"><strong>Technika, karbantart\u00e1s:<\/strong> Horv\u00e1th L\u00e1szl\u00f3, msks @ mskssamorin.sk, +421-31-562 22 41<\/p>\n\n\n\n<p class=\"has-black-color has-text-color has-link-color wp-elements-de5750ce3d7dd3c256874c32433b9868\"><strong>Jegyp\u00e9nzt\u00e1r:<\/strong> Petrilla Ren\u00e1ta, 031-285 80 30<\/p>\n\n\n\n<p class=\"has-black-color has-text-color has-link-color wp-elements-eca3d34932d35486f8f8b080801a7489\"><strong>Nyitvatart\u00e1s:<\/strong> <br>&#8211; irod\u00e1k: munkanapokon 8.00-t\u00f3l 16.00-ig<br>&#8211; jegyp\u00e9nzt\u00e1r: munkanapokon 16.00-t\u00f3l 20.00-ig<\/p>\n\n\n\n<p class=\"has-black-color has-text-color has-link-color wp-elements-9ac00cf961d1ea846fe5a532228b76c6\"><\/p>\n\n\n\n<iframe src=\"https:\/\/www.google.com\/maps\/embed?pb=!4v1661794229013!6m8!1m7!1sUFiZmzVz0l5Ot0xXzXQ9RQ!2m2!1d48.0268128053231!2d17.31130152805198!3f318.50455!4f0!5f0.7820865974627469\" width=\"100%\" height=\"450\" style=\"border:0;\" allowfullscreen=\"\" loading=\"lazy\" referrerpolicy=\"no-referrer-when-downgrade\"><\/iframe>\n","protected":false},"excerpt":{"rendered":"<p>V\u00e1rosi M\u0171vel\u0151d\u00e9si K\u00f6zpont Szent Istv\u00e1n t\u00e9r 489\/2, 931 01 Somorjatel.: +421-31-562 22 41e-mail: msks @ mskssamorin.skI\u010cO&nbsp;(statisztikai azonos\u00edt\u00f3): 00059323DI\u010c (ad\u00f3sz\u00e1m): 2021151660 Igazgat\u00f3: Nagy Myrtil, riaditel @ mskssamorin.sk, +421-31-562 33 22, +421-903-752 663 Gazdas\u00e1gi oszt\u00e1ly:&nbsp;Kov\u00e1cs Erika, uctaren @ mskssamorin.sk,&nbsp;+421-31-560 33 81 Sz\u00ednh\u00e1zi m\u0171sorszervez\u00e9s: \u00dcrge Czafik Aranka, aranka @ mskssamorin.sk,&nbsp;+421-31-562 22 41 M\u0171sorszervez\u00e9s:Latk\u00f3czy B\u00e9la, msks @ mskssamorin.sk,&nbsp;+421-31-562 22&#8230; <\/p>\n<div class=\"clear\"><\/div>\n<p><a href=\"https:\/\/mskssamorin.sk\/hu\/kontakt\/\" class=\"excerpt-read-more newsstand-button\">R\u00e9szletek<\/a><\/p>\n","protected":false},"author":1,"featured_media":0,"parent":0,"menu_order":0,"comment_status":"closed","ping_status":"closed","template":"","meta":{"_acf_changed":false,"footnotes":""},"class_list":["post-703","page","type-page","status-publish","hentry"],"acf":[],"_links":{"self":[{"href":"https:\/\/mskssamorin.sk\/hu\/wp-json\/wp\/v2\/pages\/703","targetHints":{"allow":["GET"]}}],"collection":[{"href":"https:\/\/mskssamorin.sk\/hu\/wp-json\/wp\/v2\/pages"}],"about":[{"href":"https:\/\/mskssamorin.sk\/hu\/wp-json\/wp\/v2\/types\/page"}],"author":[{"embeddable":true,"href":"https:\/\/mskssamorin.sk\/hu\/wp-json\/wp\/v2\/users\/1"}],"replies":[{"embeddable":true,"href":"https:\/\/mskssamorin.sk\/hu\/wp-json\/wp\/v2\/comments?post=703"}],"version-history":[{"count":5,"href":"https:\/\/mskssamorin.sk\/hu\/wp-json\/wp\/v2\/pages\/703\/revisions"}],"predecessor-version":[{"id":3113,"href":"https:\/\/mskssamorin.sk\/hu\/wp-json\/wp\/v2\/pages\/703\/revisions\/3113"}],"wp:attachment":[{"href":"https:\/\/mskssamorin.sk\/hu\/wp-json\/wp\/v2\/media?parent=703"}],"curies":[{"name":"wp","href":"https:\/\/api.w.org\/{rel}","templated":true}]}}