{"id":379,"date":"2022-08-30T11:59:12","date_gmt":"2022-08-30T11:59:12","guid":{"rendered":"https:\/\/mskssamorin.sk\/the-butchers\/"},"modified":"2022-08-30T12:01:21","modified_gmt":"2022-08-30T12:01:21","slug":"the-butchers","status":"publish","type":"page","link":"https:\/\/mskssamorin.sk\/hu\/the-butchers\/","title":{"rendered":"The Butchers"},"content":{"rendered":"\n<figure class=\"wp-block-image size-large\"><img loading=\"lazy\" decoding=\"async\" width=\"1024\" height=\"683\" src=\"https:\/\/wp-mskssamorin.s3.eu-central-1.amazonaws.com\/wp-content\/uploads\/2022\/08\/19083904\/butchers-1024x683.jpg\" alt=\"\" class=\"wp-image-375\" srcset=\"https:\/\/wp-mskssamorin.s3.eu-central-1.amazonaws.com\/wp-content\/uploads\/2022\/08\/19083904\/butchers-1024x683.jpg 1024w, https:\/\/wp-mskssamorin.s3.eu-central-1.amazonaws.com\/wp-content\/uploads\/2022\/08\/19083904\/butchers-300x200.jpg 300w, https:\/\/wp-mskssamorin.s3.eu-central-1.amazonaws.com\/wp-content\/uploads\/2022\/08\/19083904\/butchers-768x512.jpg 768w, https:\/\/wp-mskssamorin.s3.eu-central-1.amazonaws.com\/wp-content\/uploads\/2022\/08\/19083904\/butchers-1536x1025.jpg 1536w, https:\/\/wp-mskssamorin.s3.eu-central-1.amazonaws.com\/wp-content\/uploads\/2022\/08\/19083904\/butchers.jpg 2048w\" sizes=\"auto, (max-width: 1024px) 100vw, 1024px\" \/><\/figure>\n\n\n\n<p>Fiatal tehets\u00e9ges zen\u00e9szekb\u0151l \u00e1ll\u00f3 form\u00e1ci\u00f3, mely a blues-rock m\u0171faj\u00e1ban jeleskedik.<\/p>\n\n\n\n<figure class=\"wp-block-embed is-type-video is-provider-youtube wp-block-embed-youtube wp-embed-aspect-16-9 wp-has-aspect-ratio\"><div class=\"wp-block-embed__wrapper\">\n<iframe loading=\"lazy\" title=\"The Butchers - Time is running (OFFICIAL - 2015)\" width=\"960\" height=\"540\" src=\"https:\/\/www.youtube.com\/embed\/54GHuSFtbZw?feature=oembed\" frameborder=\"0\" allow=\"accelerometer; autoplay; clipboard-write; encrypted-media; gyroscope; picture-in-picture\" allowfullscreen><\/iframe>\n<\/div><\/figure>\n","protected":false},"excerpt":{"rendered":"<p>Fiatal tehets\u00e9ges zen\u00e9szekb\u0151l \u00e1ll\u00f3 form\u00e1ci\u00f3, mely a blues-rock m\u0171faj\u00e1ban jeleskedik.<\/p>\n","protected":false},"author":1,"featured_media":0,"parent":0,"menu_order":0,"comment_status":"closed","ping_status":"closed","template":"","meta":{"_acf_changed":false,"footnotes":""},"class_list":["post-379","page","type-page","status-publish","hentry"],"acf":[],"_links":{"self":[{"href":"https:\/\/mskssamorin.sk\/hu\/wp-json\/wp\/v2\/pages\/379","targetHints":{"allow":["GET"]}}],"collection":[{"href":"https:\/\/mskssamorin.sk\/hu\/wp-json\/wp\/v2\/pages"}],"about":[{"href":"https:\/\/mskssamorin.sk\/hu\/wp-json\/wp\/v2\/types\/page"}],"author":[{"embeddable":true,"href":"https:\/\/mskssamorin.sk\/hu\/wp-json\/wp\/v2\/users\/1"}],"replies":[{"embeddable":true,"href":"https:\/\/mskssamorin.sk\/hu\/wp-json\/wp\/v2\/comments?post=379"}],"version-history":[{"count":2,"href":"https:\/\/mskssamorin.sk\/hu\/wp-json\/wp\/v2\/pages\/379\/revisions"}],"predecessor-version":[{"id":387,"href":"https:\/\/mskssamorin.sk\/hu\/wp-json\/wp\/v2\/pages\/379\/revisions\/387"}],"wp:attachment":[{"href":"https:\/\/mskssamorin.sk\/hu\/wp-json\/wp\/v2\/media?parent=379"}],"curies":[{"name":"wp","href":"https:\/\/api.w.org\/{rel}","templated":true}]}}