{"id":364,"date":"2022-08-30T11:53:07","date_gmt":"2022-08-30T11:53:07","guid":{"rendered":"https:\/\/mskssamorin.sk\/harmonia-classica\/"},"modified":"2022-08-30T12:02:39","modified_gmt":"2022-08-30T12:02:39","slug":"harmonia-classica","status":"publish","type":"page","link":"https:\/\/mskssamorin.sk\/hu\/harmonia-classica\/","title":{"rendered":"Harmonia Classica"},"content":{"rendered":"<div class=\"wp-block-image\">\n<figure class=\"aligncenter size-full\"><img loading=\"lazy\" decoding=\"async\" width=\"480\" height=\"320\" src=\"https:\/\/wp-mskssamorin.s3.eu-central-1.amazonaws.com\/wp-content\/uploads\/2022\/08\/19083911\/harmonia_classica.jpg\" alt=\"\" class=\"wp-image-360\" srcset=\"https:\/\/wp-mskssamorin.s3.eu-central-1.amazonaws.com\/wp-content\/uploads\/2022\/08\/19083911\/harmonia_classica.jpg 480w, https:\/\/wp-mskssamorin.s3.eu-central-1.amazonaws.com\/wp-content\/uploads\/2022\/08\/19083911\/harmonia_classica-300x200.jpg 300w\" sizes=\"auto, (max-width: 480px) 100vw, 480px\" \/><\/figure>\n<\/div>\n\n\n<p>A somorjai Harmonia Classica kamarazenekar klasszikus zen\u00e9t j\u00e1tszik a barokkt\u00f3l napjainkig terjed\u0151 korokb\u00f3l, s ezzel igyekszik \u00f6r\u00f6met szerezni a komolyzene kedvel\u0151inek. Az egy\u00fcttes tagjai k\u00fcl\u00f6nb\u00f6z\u00f5 \u00e9rdekl\u0151d\u00e9s\u0171 lelkes m\u00fbkedvel\u0151k, akiket a zene \u00e9s a m\u00fbv\u00e9szetek szeretete k\u00f6t \u00f6ssze.<\/p>\n\n\n\n<p>A zenekar honlapja:&nbsp;<a href=\"http:\/\/www.harmoniaclassica.sk\/frame_elolap_hu.php\" target=\"_blank\" rel=\"noreferrer noopener\">http:\/\/www.harmoniaclassica.sk\/frame_elolap_hu.php&nbsp;<\/a><\/p>\n","protected":false},"excerpt":{"rendered":"<p>A somorjai Harmonia Classica kamarazenekar klasszikus zen\u00e9t j\u00e1tszik a barokkt\u00f3l napjainkig terjed\u0151 korokb\u00f3l, s ezzel igyekszik \u00f6r\u00f6met szerezni a komolyzene kedvel\u0151inek. Az egy\u00fcttes tagjai k\u00fcl\u00f6nb\u00f6z\u00f5 \u00e9rdekl\u0151d\u00e9s\u0171 lelkes m\u00fbkedvel\u0151k, akiket a zene \u00e9s a m\u00fbv\u00e9szetek szeretete k\u00f6t \u00f6ssze. A zenekar honlapja:&nbsp;http:\/\/www.harmoniaclassica.sk\/frame_elolap_hu.php&nbsp;<\/p>\n","protected":false},"author":1,"featured_media":0,"parent":0,"menu_order":0,"comment_status":"closed","ping_status":"closed","template":"","meta":{"_acf_changed":false,"footnotes":""},"class_list":["post-364","page","type-page","status-publish","hentry"],"acf":[],"_links":{"self":[{"href":"https:\/\/mskssamorin.sk\/hu\/wp-json\/wp\/v2\/pages\/364","targetHints":{"allow":["GET"]}}],"collection":[{"href":"https:\/\/mskssamorin.sk\/hu\/wp-json\/wp\/v2\/pages"}],"about":[{"href":"https:\/\/mskssamorin.sk\/hu\/wp-json\/wp\/v2\/types\/page"}],"author":[{"embeddable":true,"href":"https:\/\/mskssamorin.sk\/hu\/wp-json\/wp\/v2\/users\/1"}],"replies":[{"embeddable":true,"href":"https:\/\/mskssamorin.sk\/hu\/wp-json\/wp\/v2\/comments?post=364"}],"version-history":[{"count":2,"href":"https:\/\/mskssamorin.sk\/hu\/wp-json\/wp\/v2\/pages\/364\/revisions"}],"predecessor-version":[{"id":391,"href":"https:\/\/mskssamorin.sk\/hu\/wp-json\/wp\/v2\/pages\/364\/revisions\/391"}],"wp:attachment":[{"href":"https:\/\/mskssamorin.sk\/hu\/wp-json\/wp\/v2\/media?parent=364"}],"curies":[{"name":"wp","href":"https:\/\/api.w.org\/{rel}","templated":true}]}}