{"id":345,"date":"2022-08-30T11:47:26","date_gmt":"2022-08-30T11:47:26","guid":{"rendered":"https:\/\/mskssamorin.sk\/prvosienka\/"},"modified":"2022-08-30T11:49:03","modified_gmt":"2022-08-30T11:49:03","slug":"prvosienka","status":"publish","type":"page","link":"https:\/\/mskssamorin.sk\/hu\/prvosienka\/","title":{"rendered":"Prvosienka"},"content":{"rendered":"\n<figure class=\"wp-block-image size-full\"><img loading=\"lazy\" decoding=\"async\" width=\"960\" height=\"640\" src=\"https:\/\/wp-mskssamorin.s3.eu-central-1.amazonaws.com\/wp-content\/uploads\/2022\/08\/19083913\/prvosienka.jpg\" alt=\"\" class=\"wp-image-341\" srcset=\"https:\/\/wp-mskssamorin.s3.eu-central-1.amazonaws.com\/wp-content\/uploads\/2022\/08\/19083913\/prvosienka.jpg 960w, https:\/\/wp-mskssamorin.s3.eu-central-1.amazonaws.com\/wp-content\/uploads\/2022\/08\/19083913\/prvosienka-300x200.jpg 300w, https:\/\/wp-mskssamorin.s3.eu-central-1.amazonaws.com\/wp-content\/uploads\/2022\/08\/19083913\/prvosienka-768x512.jpg 768w\" sizes=\"auto, (max-width: 960px) 100vw, 960px\" \/><\/figure>\n\n\n\n<p>A Prvosienka Gyermek N\u00e9pt\u00e1ncegy\u00fcttes 1991-ben alakult meg a helyi Matica Slovensk\u00e1 mellett, alap\u00edt\u00f3i:&nbsp;Ing. Du\u0161an Za\u0165ko, Tatiana Hu\u017eovi\u010dov\u00e1 a&nbsp;Ing. Gabriela \u010euri\u0161ov\u00e1.<\/p>\n\n\n\n<p>A csoportban somorjai \u00e9s d\u00e9nesdi gyermekek \u00e9s fiatalok t\u00e1ncolnak. A reperto\u00e1rt mijavai, lipt\u00f3i, fels\u0151 garam menti, szepesi \u00e9s zempl\u00e9ni gyermekj\u00e1t\u00e9kok, t\u00e1ncok \u00e9s dalok alkotj\u00e1k.<\/p>\n\n\n\n<p>A Prvosienka hagyom\u00e1nyosan rendszeres szerepl\u0151je a somorjai kultur\u00e1lis rendezv\u00e9nyeknek, de gyakori szerepl\u0151je nagyobb hazai \u00e9s k\u00fclf\u00f6ldi fesztiv\u00e1loknak is.<\/p>\n\n\n\n<p>A Csoport vezet\u0151i \u013dudmila \u00e9s So\u0148a J\u00e1chimov\u00e1.<\/p>\n\n\n\n<h2 class=\"wp-block-heading\">El\u00e9rhet\u0151s\u00e9g:<\/h2>\n\n\n\n<p>\u013dudmila J\u00e1chimov\u00e1: 090-5507722,&nbsp;ludmila.jachimova @ samorin-prvosienka.sk<\/p>\n","protected":false},"excerpt":{"rendered":"<p>A Prvosienka Gyermek N\u00e9pt\u00e1ncegy\u00fcttes 1991-ben alakult meg a helyi Matica Slovensk\u00e1 mellett, alap\u00edt\u00f3i:&nbsp;Ing. Du\u0161an Za\u0165ko, Tatiana Hu\u017eovi\u010dov\u00e1 a&nbsp;Ing. Gabriela \u010euri\u0161ov\u00e1. A csoportban somorjai \u00e9s d\u00e9nesdi gyermekek \u00e9s fiatalok t\u00e1ncolnak. A reperto\u00e1rt mijavai, lipt\u00f3i, fels\u0151 garam menti, szepesi \u00e9s zempl\u00e9ni gyermekj\u00e1t\u00e9kok, t\u00e1ncok \u00e9s dalok alkotj\u00e1k. A Prvosienka hagyom\u00e1nyosan rendszeres szerepl\u0151je a somorjai kultur\u00e1lis rendezv\u00e9nyeknek, de gyakori&#8230; <\/p>\n<div class=\"clear\"><\/div>\n<p><a href=\"https:\/\/mskssamorin.sk\/hu\/prvosienka\/\" class=\"excerpt-read-more newsstand-button\">R\u00e9szletek<\/a><\/p>\n","protected":false},"author":1,"featured_media":0,"parent":0,"menu_order":0,"comment_status":"closed","ping_status":"closed","template":"","meta":{"_acf_changed":false,"footnotes":""},"class_list":["post-345","page","type-page","status-publish","hentry"],"acf":[],"_links":{"self":[{"href":"https:\/\/mskssamorin.sk\/hu\/wp-json\/wp\/v2\/pages\/345","targetHints":{"allow":["GET"]}}],"collection":[{"href":"https:\/\/mskssamorin.sk\/hu\/wp-json\/wp\/v2\/pages"}],"about":[{"href":"https:\/\/mskssamorin.sk\/hu\/wp-json\/wp\/v2\/types\/page"}],"author":[{"embeddable":true,"href":"https:\/\/mskssamorin.sk\/hu\/wp-json\/wp\/v2\/users\/1"}],"replies":[{"embeddable":true,"href":"https:\/\/mskssamorin.sk\/hu\/wp-json\/wp\/v2\/comments?post=345"}],"version-history":[{"count":2,"href":"https:\/\/mskssamorin.sk\/hu\/wp-json\/wp\/v2\/pages\/345\/revisions"}],"predecessor-version":[{"id":347,"href":"https:\/\/mskssamorin.sk\/hu\/wp-json\/wp\/v2\/pages\/345\/revisions\/347"}],"wp:attachment":[{"href":"https:\/\/mskssamorin.sk\/hu\/wp-json\/wp\/v2\/media?parent=345"}],"curies":[{"name":"wp","href":"https:\/\/api.w.org\/{rel}","templated":true}]}}