{"id":331,"date":"2022-08-30T11:40:26","date_gmt":"2022-08-30T11:40:26","guid":{"rendered":"https:\/\/mskssamorin.sk\/csallo\/"},"modified":"2024-07-12T07:10:29","modified_gmt":"2024-07-12T07:10:29","slug":"csallo","status":"publish","type":"page","link":"https:\/\/mskssamorin.sk\/hu\/csallo\/","title":{"rendered":"Csall\u00f3"},"content":{"rendered":"\n<figure class=\"wp-block-image size-large\"><img loading=\"lazy\" decoding=\"async\" width=\"1024\" height=\"684\" src=\"https:\/\/wp-mskssamorin.s3.eu-central-1.amazonaws.com\/wp-content\/uploads\/2023\/07\/12104112\/DSC_3086-1024x684.jpg\" alt=\"\" class=\"wp-image-1358\" srcset=\"https:\/\/wp-mskssamorin.s3.eu-central-1.amazonaws.com\/wp-content\/uploads\/2023\/07\/12104112\/DSC_3086-1024x684.jpg 1024w, https:\/\/wp-mskssamorin.s3.eu-central-1.amazonaws.com\/wp-content\/uploads\/2023\/07\/12104112\/DSC_3086-300x200.jpg 300w, https:\/\/wp-mskssamorin.s3.eu-central-1.amazonaws.com\/wp-content\/uploads\/2023\/07\/12104112\/DSC_3086-768x513.jpg 768w, https:\/\/wp-mskssamorin.s3.eu-central-1.amazonaws.com\/wp-content\/uploads\/2023\/07\/12104112\/DSC_3086-1536x1025.jpg 1536w, https:\/\/wp-mskssamorin.s3.eu-central-1.amazonaws.com\/wp-content\/uploads\/2023\/07\/12104112\/DSC_3086-2048x1367.jpg 2048w\" sizes=\"auto, (max-width: 1024px) 100vw, 1024px\" \/><\/figure>\n\n\n\n<p>A\u00a0Csall\u00f3 N\u00e9pt\u00e1ncegy\u00fcttes 1977-ben alakult. Nagy m\u00faltra visszatekint\u0151 egy\u00fcttes, melyet a\u00a0somorjai k\u00f6z\u00f6ns\u00e9gnek nem kell mutatni, hisz nincs Somorj\u00e1n tal\u00e1n olyan csal\u00e1d, amely valahogy ne k\u00f6t\u0151dne a\u00a0Csall\u00f3hoz.<\/p>\n\n\n\n<p>A Cso\u00f3ri S\u00e1ndor Alap \u00e1ltal 2023-ban t\u00e1mogatott p\u00e1ly\u00e1zat \u00e9rt\u00e9kel\u00e9se: <a href=\"https:\/\/wp-mskssamorin.s3.eu-central-1.amazonaws.com\/wp-content\/uploads\/2024\/07\/12070730\/Csallo_csoori_jel_2023-24.pd\">CSSP-NEPTANC-HT-2023-0119<\/a><\/p>\n\n\n\n<p>A Cso\u00f3ri S\u00e1ndor Alap \u00e1ltal 2022-ben t\u00e1mogatott p\u00e1ly\u00e1zat \u00e9rt\u00e9kel\u00e9se: <a href=\"https:\/\/wp-mskssamorin.s3.eu-central-1.amazonaws.com\/wp-content\/uploads\/2023\/07\/12104055\/Csallo_csoori_jel_2022-23.pdf\">CSSP-NEPTANC-HT-2022-0066<\/a><\/p>\n\n\n\n<h2 class=\"wp-block-heading\">Az egy\u00fcttes f\u0151 t\u00e1mogat\u00f3i:<\/h2>\n\n\n<div class=\"wp-block-image\">\n<figure class=\"aligncenter size-medium\"><img loading=\"lazy\" decoding=\"async\" width=\"251\" height=\"300\" src=\"https:\/\/wp-mskssamorin.s3.eu-central-1.amazonaws.com\/wp-content\/uploads\/2022\/08\/19083920\/somorja-logo-251x300.jpg\" alt=\"\" class=\"wp-image-303\" srcset=\"https:\/\/wp-mskssamorin.s3.eu-central-1.amazonaws.com\/wp-content\/uploads\/2022\/08\/19083920\/somorja-logo-251x300.jpg 251w, https:\/\/wp-mskssamorin.s3.eu-central-1.amazonaws.com\/wp-content\/uploads\/2022\/08\/19083920\/somorja-logo-857x1024.jpg 857w, https:\/\/wp-mskssamorin.s3.eu-central-1.amazonaws.com\/wp-content\/uploads\/2022\/08\/19083920\/somorja-logo-768x918.jpg 768w, https:\/\/wp-mskssamorin.s3.eu-central-1.amazonaws.com\/wp-content\/uploads\/2022\/08\/19083920\/somorja-logo.jpg 979w\" sizes=\"auto, (max-width: 251px) 100vw, 251px\" \/><figcaption class=\"wp-element-caption\">Somorja v\u00e1ros<\/figcaption><\/figure>\n<\/div>\n\n<div class=\"wp-block-image\">\n<figure class=\"aligncenter size-medium\"><img loading=\"lazy\" decoding=\"async\" width=\"300\" height=\"300\" src=\"https:\/\/wp-mskssamorin.s3.eu-central-1.amazonaws.com\/wp-content\/uploads\/2022\/08\/19084009\/msks_logo-300x300.jpg\" alt=\"\" class=\"wp-image-7\" srcset=\"https:\/\/wp-mskssamorin.s3.eu-central-1.amazonaws.com\/wp-content\/uploads\/2022\/08\/19084009\/msks_logo-300x300.jpg 300w, https:\/\/wp-mskssamorin.s3.eu-central-1.amazonaws.com\/wp-content\/uploads\/2022\/08\/19084009\/msks_logo-1024x1024.jpg 1024w, https:\/\/wp-mskssamorin.s3.eu-central-1.amazonaws.com\/wp-content\/uploads\/2022\/08\/19084009\/msks_logo-150x150.jpg 150w, https:\/\/wp-mskssamorin.s3.eu-central-1.amazonaws.com\/wp-content\/uploads\/2022\/08\/19084009\/msks_logo-768x768.jpg 768w, https:\/\/wp-mskssamorin.s3.eu-central-1.amazonaws.com\/wp-content\/uploads\/2022\/08\/19084009\/msks_logo-400x400.jpg 400w, https:\/\/wp-mskssamorin.s3.eu-central-1.amazonaws.com\/wp-content\/uploads\/2022\/08\/19084009\/msks_logo.jpg 1063w\" sizes=\"auto, (max-width: 300px) 100vw, 300px\" \/><figcaption class=\"wp-element-caption\">V\u00e1rosi M\u0171vel\u0151d\u00e9si K\u00f6zpont<\/figcaption><\/figure>\n<\/div>\n\n<div class=\"wp-block-image\">\n<figure class=\"aligncenter size-medium\"><img loading=\"lazy\" decoding=\"async\" width=\"300\" height=\"133\" src=\"https:\/\/wp-mskssamorin.s3.eu-central-1.amazonaws.com\/wp-content\/uploads\/2022\/08\/19083922\/kultminor_logo-300x133.jpg\" alt=\"\" class=\"wp-image-301\" srcset=\"https:\/\/wp-mskssamorin.s3.eu-central-1.amazonaws.com\/wp-content\/uploads\/2022\/08\/19083922\/kultminor_logo-300x133.jpg 300w, https:\/\/wp-mskssamorin.s3.eu-central-1.amazonaws.com\/wp-content\/uploads\/2022\/08\/19083922\/kultminor_logo-1024x453.jpg 1024w, https:\/\/wp-mskssamorin.s3.eu-central-1.amazonaws.com\/wp-content\/uploads\/2022\/08\/19083922\/kultminor_logo-768x340.jpg 768w, https:\/\/wp-mskssamorin.s3.eu-central-1.amazonaws.com\/wp-content\/uploads\/2022\/08\/19083922\/kultminor_logo-1536x679.jpg 1536w, https:\/\/wp-mskssamorin.s3.eu-central-1.amazonaws.com\/wp-content\/uploads\/2022\/08\/19083922\/kultminor_logo-750x330.jpg 750w, https:\/\/wp-mskssamorin.s3.eu-central-1.amazonaws.com\/wp-content\/uploads\/2022\/08\/19083922\/kultminor_logo.jpg 1606w\" sizes=\"auto, (max-width: 300px) 100vw, 300px\" \/><figcaption class=\"wp-element-caption\">Kisebbs\u00e9gi Kult\u00far\u00e1k T\u00e1mogat\u00e1sa Alap<\/figcaption><\/figure>\n<\/div>\n\n<div class=\"wp-block-image\">\n<figure class=\"aligncenter size-large is-resized\"><img loading=\"lazy\" decoding=\"async\" width=\"1024\" height=\"1024\" src=\"https:\/\/wp-mskssamorin.s3.eu-central-1.amazonaws.com\/wp-content\/uploads\/2023\/02\/08084353\/csoori_logo-1024x1024.jpg\" alt=\"\" class=\"wp-image-1056\" style=\"width:186px;height:186px\" srcset=\"https:\/\/wp-mskssamorin.s3.eu-central-1.amazonaws.com\/wp-content\/uploads\/2023\/02\/08084353\/csoori_logo-1024x1024.jpg 1024w, https:\/\/wp-mskssamorin.s3.eu-central-1.amazonaws.com\/wp-content\/uploads\/2023\/02\/08084353\/csoori_logo-300x300.jpg 300w, https:\/\/wp-mskssamorin.s3.eu-central-1.amazonaws.com\/wp-content\/uploads\/2023\/02\/08084353\/csoori_logo-150x150.jpg 150w, https:\/\/wp-mskssamorin.s3.eu-central-1.amazonaws.com\/wp-content\/uploads\/2023\/02\/08084353\/csoori_logo-768x768.jpg 768w, https:\/\/wp-mskssamorin.s3.eu-central-1.amazonaws.com\/wp-content\/uploads\/2023\/02\/08084353\/csoori_logo-1536x1536.jpg 1536w, https:\/\/wp-mskssamorin.s3.eu-central-1.amazonaws.com\/wp-content\/uploads\/2023\/02\/08084353\/csoori_logo-2048x2048.jpg 2048w, https:\/\/wp-mskssamorin.s3.eu-central-1.amazonaws.com\/wp-content\/uploads\/2023\/02\/08084353\/csoori_logo-400x400.jpg 400w\" sizes=\"auto, (max-width: 1024px) 100vw, 1024px\" \/><figcaption class=\"wp-element-caption\"><strong>Cso\u00f3ri S\u00e1ndor Alap<\/strong><\/figcaption><\/figure>\n<\/div>\n\n<div class=\"wp-block-image\">\n<figure class=\"aligncenter size-large is-resized\"><img loading=\"lazy\" decoding=\"async\" width=\"1024\" height=\"256\" src=\"https:\/\/wp-mskssamorin.s3.eu-central-1.amazonaws.com\/wp-content\/uploads\/2022\/08\/19083928\/bga_logo-1024x256.jpg\" alt=\"\" class=\"wp-image-295\" style=\"width:600px\" srcset=\"https:\/\/wp-mskssamorin.s3.eu-central-1.amazonaws.com\/wp-content\/uploads\/2022\/08\/19083928\/bga_logo-1024x256.jpg 1024w, https:\/\/wp-mskssamorin.s3.eu-central-1.amazonaws.com\/wp-content\/uploads\/2022\/08\/19083928\/bga_logo-300x75.jpg 300w, https:\/\/wp-mskssamorin.s3.eu-central-1.amazonaws.com\/wp-content\/uploads\/2022\/08\/19083928\/bga_logo-768x192.jpg 768w, https:\/\/wp-mskssamorin.s3.eu-central-1.amazonaws.com\/wp-content\/uploads\/2022\/08\/19083928\/bga_logo-1536x384.jpg 1536w, https:\/\/wp-mskssamorin.s3.eu-central-1.amazonaws.com\/wp-content\/uploads\/2022\/08\/19083928\/bga_logo-2048x512.jpg 2048w\" sizes=\"auto, (max-width: 1024px) 100vw, 1024px\" \/><figcaption class=\"wp-element-caption\">Fond Bethlen G\u00e1bor Alap<\/figcaption><\/figure>\n<\/div>\n\n\n<h2 class=\"wp-block-heading\">El\u00e9rhet\u0151s\u00e9g:<\/h2>\n\n\n\n<p>Nagy Myrtil, riaditel @ mskssamorin.sk, +421-903-752663<\/p>\n","protected":false},"excerpt":{"rendered":"<p>A\u00a0Csall\u00f3 N\u00e9pt\u00e1ncegy\u00fcttes 1977-ben alakult. Nagy m\u00faltra visszatekint\u0151 egy\u00fcttes, melyet a\u00a0somorjai k\u00f6z\u00f6ns\u00e9gnek nem kell mutatni, hisz nincs Somorj\u00e1n tal\u00e1n olyan csal\u00e1d, amely valahogy ne k\u00f6t\u0151dne a\u00a0Csall\u00f3hoz. A Cso\u00f3ri S\u00e1ndor Alap \u00e1ltal 2023-ban t\u00e1mogatott p\u00e1ly\u00e1zat \u00e9rt\u00e9kel\u00e9se: CSSP-NEPTANC-HT-2023-0119 A Cso\u00f3ri S\u00e1ndor Alap \u00e1ltal 2022-ben t\u00e1mogatott p\u00e1ly\u00e1zat \u00e9rt\u00e9kel\u00e9se: CSSP-NEPTANC-HT-2022-0066 Az egy\u00fcttes f\u0151 t\u00e1mogat\u00f3i: El\u00e9rhet\u0151s\u00e9g: Nagy Myrtil, riaditel @ mskssamorin.sk,&#8230; <\/p>\n<div class=\"clear\"><\/div>\n<p><a href=\"https:\/\/mskssamorin.sk\/hu\/csallo\/\" class=\"excerpt-read-more newsstand-button\">R\u00e9szletek<\/a><\/p>\n","protected":false},"author":1,"featured_media":0,"parent":0,"menu_order":0,"comment_status":"closed","ping_status":"closed","template":"","meta":{"_acf_changed":false,"footnotes":""},"class_list":["post-331","page","type-page","status-publish","hentry"],"acf":[],"_links":{"self":[{"href":"https:\/\/mskssamorin.sk\/hu\/wp-json\/wp\/v2\/pages\/331","targetHints":{"allow":["GET"]}}],"collection":[{"href":"https:\/\/mskssamorin.sk\/hu\/wp-json\/wp\/v2\/pages"}],"about":[{"href":"https:\/\/mskssamorin.sk\/hu\/wp-json\/wp\/v2\/types\/page"}],"author":[{"embeddable":true,"href":"https:\/\/mskssamorin.sk\/hu\/wp-json\/wp\/v2\/users\/1"}],"replies":[{"embeddable":true,"href":"https:\/\/mskssamorin.sk\/hu\/wp-json\/wp\/v2\/comments?post=331"}],"version-history":[{"count":7,"href":"https:\/\/mskssamorin.sk\/hu\/wp-json\/wp\/v2\/pages\/331\/revisions"}],"predecessor-version":[{"id":1988,"href":"https:\/\/mskssamorin.sk\/hu\/wp-json\/wp\/v2\/pages\/331\/revisions\/1988"}],"wp:attachment":[{"href":"https:\/\/mskssamorin.sk\/hu\/wp-json\/wp\/v2\/media?parent=331"}],"curies":[{"name":"wp","href":"https:\/\/api.w.org\/{rel}","templated":true}]}}