{"id":308,"date":"2022-08-30T10:10:50","date_gmt":"2022-08-30T10:10:50","guid":{"rendered":"https:\/\/mskssamorin.sk\/csali\/"},"modified":"2026-02-03T07:48:58","modified_gmt":"2026-02-03T07:48:58","slug":"csali","status":"publish","type":"page","link":"https:\/\/mskssamorin.sk\/hu\/csali\/","title":{"rendered":"Csali"},"content":{"rendered":"\n<figure class=\"wp-block-image size-large\"><img loading=\"lazy\" decoding=\"async\" width=\"1024\" height=\"367\" src=\"https:\/\/wp-mskssamorin.s3.eu-central-1.amazonaws.com\/wp-content\/uploads\/2026\/02\/03074447\/DSC_3022-1024x367.jpg\" alt=\"\" class=\"wp-image-3130\" srcset=\"https:\/\/wp-mskssamorin.s3.eu-central-1.amazonaws.com\/wp-content\/uploads\/2026\/02\/03074447\/DSC_3022-1024x367.jpg 1024w, https:\/\/wp-mskssamorin.s3.eu-central-1.amazonaws.com\/wp-content\/uploads\/2026\/02\/03074447\/DSC_3022-300x107.jpg 300w, https:\/\/wp-mskssamorin.s3.eu-central-1.amazonaws.com\/wp-content\/uploads\/2026\/02\/03074447\/DSC_3022-768x275.jpg 768w, https:\/\/wp-mskssamorin.s3.eu-central-1.amazonaws.com\/wp-content\/uploads\/2026\/02\/03074447\/DSC_3022-1536x550.jpg 1536w, https:\/\/wp-mskssamorin.s3.eu-central-1.amazonaws.com\/wp-content\/uploads\/2026\/02\/03074447\/DSC_3022-2048x734.jpg 2048w\" sizes=\"auto, (max-width: 1024px) 100vw, 1024px\" \/><\/figure>\n\n\n\n<p><strong>T\u00c1MOGASSA AD\u00d3JA 2%-\u00c1VAL A CSALIT \u00e9s Csall\u00f3t! IGAZ\u00c1N J\u00d3 HELYRE KER\u00dcL \ud83d\ude42 2026-ban a 2%-ot a Csali \u00e9s Csall\u00f3 viselett\u00e1r\u00e1nak b\u0151v\u00edt\u00e9s\u00e9re \u00e9s ny\u00e1ri t\u00e1boroztat\u00e1sra szeretn\u00e9nk ford\u00edtani. <\/strong><\/p>\n\n\n\n<h2 class=\"wp-block-heading\"><strong><a href=\"https:\/\/wp-mskssamorin.s3.eu-central-1.amazonaws.com\/wp-content\/uploads\/2026\/02\/03073941\/vyhlasenie_za2025_AM.pdf\">A NYILATKOZAT let\u00f6lthet\u0151 itt<\/a><\/strong><\/h2>\n\n\n\n<div data-wp-interactive=\"core\/file\" class=\"wp-block-file\"><object data-wp-bind--hidden=\"!state.hasPdfPreview\" hidden class=\"wp-block-file__embed\" data=\"https:\/\/wp-mskssamorin.s3.eu-central-1.amazonaws.com\/wp-content\/uploads\/2026\/02\/03073941\/vyhlasenie_za2025_AM.pdf\" type=\"application\/pdf\" style=\"width:100%;height:600px\" aria-label=\"vyhlasenie_za2025_AM be\u00e1gyaz\u00e1sa\"><\/object><a id=\"wp-block-file--media-3a672d6d-0754-4dcc-beb3-8b334c3e74a4\" href=\"https:\/\/wp-mskssamorin.s3.eu-central-1.amazonaws.com\/wp-content\/uploads\/2026\/02\/03073941\/vyhlasenie_za2025_AM.pdf\">vyhlasenie_za2025_AM<\/a><a href=\"https:\/\/wp-mskssamorin.s3.eu-central-1.amazonaws.com\/wp-content\/uploads\/2026\/02\/03073941\/vyhlasenie_za2025_AM.pdf\" class=\"wp-block-file__button wp-element-button\" download aria-describedby=\"wp-block-file--media-3a672d6d-0754-4dcc-beb3-8b334c3e74a4\">Stiahnu\u0165<\/a><\/div>\n\n\n<div class=\"wp-block-image\">\n<figure class=\"aligncenter size-full\"><img loading=\"lazy\" decoding=\"async\" width=\"459\" height=\"294\" src=\"https:\/\/wp-mskssamorin.s3.eu-central-1.amazonaws.com\/wp-content\/uploads\/2022\/08\/19083916\/csali-logo2013_kicsi.jpg\" alt=\"\" class=\"wp-image-316\" srcset=\"https:\/\/wp-mskssamorin.s3.eu-central-1.amazonaws.com\/wp-content\/uploads\/2022\/08\/19083916\/csali-logo2013_kicsi.jpg 459w, https:\/\/wp-mskssamorin.s3.eu-central-1.amazonaws.com\/wp-content\/uploads\/2022\/08\/19083916\/csali-logo2013_kicsi-300x192.jpg 300w\" sizes=\"auto, (max-width: 459px) 100vw, 459px\" \/><\/figure>\n<\/div>\n\n\n<p>A Csali 1978 szeptember\u00e9ben alakult meg a Csemadok somorjai helyi szervezete mellett. Megalakul\u00e1sa \u00f3ta r\u00e9sztvev\u0151je a legk\u00fcl\u00f6nf\u00e9l\u00e9bb versenyeknek, fesztiv\u00e1loknak, ahonnan mindig komoly elismer\u00e9st jelent\u0151 d\u00edjakkal t\u00e9r haza.<\/p>\n\n\n\n<p>Az egy\u00fcttes jelenleg \u00f6t korcsoporttal m\u0171k\u00f6dik \u00e9s munk\u00e1j\u00e1ban \u00f6sszesen 160 gyermek vesz r\u00e9szt. Az \u00f3vod\u00e1sok a Piciri Csalit (vezet\u0151j\u00fck Valacsay Franciska), az als\u00f3 tagozatos kisiskol\u00e1sok az Apr\u00f3 Csalit (vezet\u0151ik D\u00f3cz\u00e9 M\u00f3nika \u00e9s Madocsai Imre) \u00e9s a Kis Csali Gyermek N\u00e9pt\u00e1ncegy\u00fcttest (vezet\u0151ik Nagy Myrtil \u00e9s Csenkey Botond) l\u00e1togatj\u00e1k. A fels\u0151 tagozatosok a Nagy Csali tev\u00e9kenys\u00e9g\u00e9ben vesznek r\u00e9szt (vezet\u0151ik D\u00f3cz\u00e9 M\u00f3nika \u00e9s Madocsai Imre). Az Ifj\u00fas\u00e1gi csoportban 15-18 \u00e9vesek vesznek r\u00e9szt, vezet\u0151ik D\u00f3cz\u00e9 M\u00f3nika \u00e9s Botl\u00f3 \u00c1kos.<\/p>\n\n\n\n<p>A Csali az orsz\u00e1g legn\u00e9pesebb \u00e9s legsikeresebb gyermekegy\u00fcttese. A Eszterl\u00e1nc \u2013 Szlov\u00e1kiai Magyar Gyermek N\u00e9pt\u00e1ncegy\u00fcttesek Orsz\u00e1gos Fesztiv\u00e1lj\u00e1nak legut\u00f3bbi 5 \u00e9vfolyam\u00e1ban t\u00f6bbsz\u00f6r\u00f6s arany min\u0151s\u00edt\u00e9st nyert. 2017-ben megnyerte a &#8222;Pod Likavsk\u00fdm hradom&#8221; elnevez\u00e9s\u0171 szlov\u00e1kiai orsz\u00e1gos versenyt, majd 2022-be Lipt\u00f3szentmikl\u00f3son egyed\u00fclik\u00e9nt kapott n\u00edv\u00f3d\u00edjat. 2024-ben az &#8222;\u00e9v n\u00edv\u00f3d\u00edjas gyermekegy\u00fcttese&#8221; c\u00edmet nyerte el a T\u00e1ncP\u00f3dium orsz\u00e1gos versenyen. A Csali sz\u00f3list\u00e1i rendszeres versenyz\u0151i \u00e9s nyertesei a &#8222;\u0160affova ostroha\u201c elnevez\u00e9s\u0171, valamint a szlov\u00e1kiai magyar gyermek sz\u00f3l\u00f3t\u00e1ncversenynek.<\/p>\n\n\n\n<p>\u00c9s nem utols\u00f3 sorban: a Csali 2016-os F\u00f6lsz\u00e1llott a p\u00e1va, telev\u00edzi\u00f3s tehets\u00e9gkutat\u00f3 verseny n\u00e9pt\u00e1nc kateg\u00f3ri\u00e1j\u00e1nak gy\u0151ztese.<\/p>\n\n\n\n<p>A Csali jelent\u0151s\u00e9ge nem csup\u00e1n a hagyom\u00e1nyok meg\u0151rz\u00e9s\u00e9ben, a gyerekek \u00e9s fiatalok \u00e9rt\u00e9k\u00edt\u00e9let\u00e9nek fejleszt\u00e9s\u00e9ben \u00e9s a szlov\u00e1kiai magyarok kult\u00far\u00e1j\u00e1nak \u00e1pol\u00e1s\u00e1ban mer\u00fcl ki. Nagyon fontos szerepet j\u00e1tszik a somorjai magyar k\u00f6z\u00f6ss\u00e9g fejleszt\u00e9s\u00e9ben \u00e9s \u00f6sszetart\u00f3 erej\u00e9nek n\u00f6vel\u00e9s\u00e9ben is.<\/p>\n\n\n\n<p><strong>A Cso\u00f3ri S\u00e1ndor Alap 2023\/24-as t\u00e1mogat\u00e1s\u00e1r\u00f3l sz\u00f3l\u00f3 besz\u00e1mol\u00f3<\/strong>: <a href=\"https:\/\/wp-mskssamorin.s3.eu-central-1.amazonaws.com\/wp-content\/uploads\/2024\/07\/10111150\/Csali_Csoori_beszamolo_23-24.pdf\">CSSP-NEPTANC-HT-2023-0068<\/a><\/p>\n\n\n\n<p><strong>A Cso\u00f3ri S\u00e1ndor Alap 2022\/23-as t\u00e1mogat\u00e1s\u00e1r\u00f3l sz\u00f3l\u00f3 besz\u00e1mol\u00f3<\/strong>: <a href=\"https:\/\/wp-mskssamorin.s3.eu-central-1.amazonaws.com\/wp-content\/uploads\/2023\/07\/07114803\/Npez_muhely_fotodok_webre.pdf\">CSSP-ZENEOKTAT-2022_0067<\/a> \u00e9s <a href=\"https:\/\/wp-mskssamorin.s3.eu-central-1.amazonaws.com\/wp-content\/uploads\/2023\/07\/10104016\/Csali_Csoori_22_23.pdf\">CSSP-NEPTANC-HT-2022-0075<\/a><\/p>\n\n\n\n<h2 class=\"wp-block-heading\">Az egy\u00fcttes f\u0151 t\u00e1mogat\u00f3i:<\/h2>\n\n\n<div class=\"wp-block-image\">\n<figure class=\"aligncenter size-medium is-resized\"><img loading=\"lazy\" decoding=\"async\" width=\"251\" height=\"300\" src=\"https:\/\/wp-mskssamorin.s3.eu-central-1.amazonaws.com\/wp-content\/uploads\/2022\/08\/19083920\/somorja-logo-251x300.jpg\" alt=\"\" class=\"wp-image-303\" style=\"width:-33px;height:-39px\" srcset=\"https:\/\/wp-mskssamorin.s3.eu-central-1.amazonaws.com\/wp-content\/uploads\/2022\/08\/19083920\/somorja-logo-251x300.jpg 251w, https:\/\/wp-mskssamorin.s3.eu-central-1.amazonaws.com\/wp-content\/uploads\/2022\/08\/19083920\/somorja-logo-857x1024.jpg 857w, https:\/\/wp-mskssamorin.s3.eu-central-1.amazonaws.com\/wp-content\/uploads\/2022\/08\/19083920\/somorja-logo-768x918.jpg 768w, https:\/\/wp-mskssamorin.s3.eu-central-1.amazonaws.com\/wp-content\/uploads\/2022\/08\/19083920\/somorja-logo.jpg 979w\" sizes=\"auto, (max-width: 251px) 100vw, 251px\" \/><figcaption class=\"wp-element-caption\"><strong>Somorja v\u00e1ros<\/strong><\/figcaption><\/figure>\n<\/div>\n\n<div class=\"wp-block-image\">\n<figure class=\"aligncenter size-medium is-resized\"><img loading=\"lazy\" decoding=\"async\" width=\"300\" height=\"300\" src=\"https:\/\/wp-mskssamorin.s3.eu-central-1.amazonaws.com\/wp-content\/uploads\/2022\/08\/19084009\/msks_logo-300x300.jpg\" alt=\"\" class=\"wp-image-7\" style=\"width:-53px;height:-53px\" srcset=\"https:\/\/wp-mskssamorin.s3.eu-central-1.amazonaws.com\/wp-content\/uploads\/2022\/08\/19084009\/msks_logo-300x300.jpg 300w, https:\/\/wp-mskssamorin.s3.eu-central-1.amazonaws.com\/wp-content\/uploads\/2022\/08\/19084009\/msks_logo-1024x1024.jpg 1024w, https:\/\/wp-mskssamorin.s3.eu-central-1.amazonaws.com\/wp-content\/uploads\/2022\/08\/19084009\/msks_logo-150x150.jpg 150w, https:\/\/wp-mskssamorin.s3.eu-central-1.amazonaws.com\/wp-content\/uploads\/2022\/08\/19084009\/msks_logo-768x768.jpg 768w, https:\/\/wp-mskssamorin.s3.eu-central-1.amazonaws.com\/wp-content\/uploads\/2022\/08\/19084009\/msks_logo-400x400.jpg 400w, https:\/\/wp-mskssamorin.s3.eu-central-1.amazonaws.com\/wp-content\/uploads\/2022\/08\/19084009\/msks_logo.jpg 1063w\" sizes=\"auto, (max-width: 300px) 100vw, 300px\" \/><figcaption class=\"wp-element-caption\"><strong>V\u00e1rosi M\u0171vel\u0151d\u00e9si K\u00f6zpont<\/strong><\/figcaption><\/figure>\n<\/div>\n\n<div class=\"wp-block-image\">\n<figure class=\"aligncenter size-medium\"><img loading=\"lazy\" decoding=\"async\" width=\"300\" height=\"133\" src=\"https:\/\/wp-mskssamorin.s3.eu-central-1.amazonaws.com\/wp-content\/uploads\/2022\/08\/19083922\/kultminor_logo-300x133.jpg\" alt=\"\" class=\"wp-image-301\" srcset=\"https:\/\/wp-mskssamorin.s3.eu-central-1.amazonaws.com\/wp-content\/uploads\/2022\/08\/19083922\/kultminor_logo-300x133.jpg 300w, https:\/\/wp-mskssamorin.s3.eu-central-1.amazonaws.com\/wp-content\/uploads\/2022\/08\/19083922\/kultminor_logo-1024x453.jpg 1024w, https:\/\/wp-mskssamorin.s3.eu-central-1.amazonaws.com\/wp-content\/uploads\/2022\/08\/19083922\/kultminor_logo-768x340.jpg 768w, https:\/\/wp-mskssamorin.s3.eu-central-1.amazonaws.com\/wp-content\/uploads\/2022\/08\/19083922\/kultminor_logo-1536x679.jpg 1536w, https:\/\/wp-mskssamorin.s3.eu-central-1.amazonaws.com\/wp-content\/uploads\/2022\/08\/19083922\/kultminor_logo-750x330.jpg 750w, https:\/\/wp-mskssamorin.s3.eu-central-1.amazonaws.com\/wp-content\/uploads\/2022\/08\/19083922\/kultminor_logo.jpg 1606w\" sizes=\"auto, (max-width: 300px) 100vw, 300px\" \/><figcaption class=\"wp-element-caption\"><strong>Kisebbs\u00e9gi Kult\u00far\u00e1k T\u00e1mogat\u00e1sa Alap<\/strong><\/figcaption><\/figure>\n<\/div>\n\n<div class=\"wp-block-image\">\n<figure class=\"aligncenter size-large is-resized\"><img loading=\"lazy\" decoding=\"async\" width=\"1024\" height=\"1024\" src=\"https:\/\/wp-mskssamorin.s3.eu-central-1.amazonaws.com\/wp-content\/uploads\/2023\/02\/08084353\/csoori_logo-1024x1024.jpg\" alt=\"\" class=\"wp-image-1056\" style=\"width:186px;height:186px\" srcset=\"https:\/\/wp-mskssamorin.s3.eu-central-1.amazonaws.com\/wp-content\/uploads\/2023\/02\/08084353\/csoori_logo-1024x1024.jpg 1024w, https:\/\/wp-mskssamorin.s3.eu-central-1.amazonaws.com\/wp-content\/uploads\/2023\/02\/08084353\/csoori_logo-300x300.jpg 300w, https:\/\/wp-mskssamorin.s3.eu-central-1.amazonaws.com\/wp-content\/uploads\/2023\/02\/08084353\/csoori_logo-150x150.jpg 150w, https:\/\/wp-mskssamorin.s3.eu-central-1.amazonaws.com\/wp-content\/uploads\/2023\/02\/08084353\/csoori_logo-768x768.jpg 768w, https:\/\/wp-mskssamorin.s3.eu-central-1.amazonaws.com\/wp-content\/uploads\/2023\/02\/08084353\/csoori_logo-1536x1536.jpg 1536w, https:\/\/wp-mskssamorin.s3.eu-central-1.amazonaws.com\/wp-content\/uploads\/2023\/02\/08084353\/csoori_logo-2048x2048.jpg 2048w, https:\/\/wp-mskssamorin.s3.eu-central-1.amazonaws.com\/wp-content\/uploads\/2023\/02\/08084353\/csoori_logo-400x400.jpg 400w\" sizes=\"auto, (max-width: 1024px) 100vw, 1024px\" \/><figcaption class=\"wp-element-caption\"><strong>Cso\u00f3ri S\u00e1ndor Alap<\/strong><\/figcaption><\/figure>\n<\/div>\n\n<div class=\"wp-block-image\">\n<figure class=\"aligncenter size-large is-resized\"><img loading=\"lazy\" decoding=\"async\" width=\"1024\" height=\"256\" src=\"https:\/\/wp-mskssamorin.s3.eu-central-1.amazonaws.com\/wp-content\/uploads\/2022\/08\/19083928\/bga_logo-1024x256.jpg\" alt=\"\" class=\"wp-image-295\" style=\"width:469px;height:117px\" srcset=\"https:\/\/wp-mskssamorin.s3.eu-central-1.amazonaws.com\/wp-content\/uploads\/2022\/08\/19083928\/bga_logo-1024x256.jpg 1024w, https:\/\/wp-mskssamorin.s3.eu-central-1.amazonaws.com\/wp-content\/uploads\/2022\/08\/19083928\/bga_logo-300x75.jpg 300w, https:\/\/wp-mskssamorin.s3.eu-central-1.amazonaws.com\/wp-content\/uploads\/2022\/08\/19083928\/bga_logo-768x192.jpg 768w, https:\/\/wp-mskssamorin.s3.eu-central-1.amazonaws.com\/wp-content\/uploads\/2022\/08\/19083928\/bga_logo-1536x384.jpg 1536w, https:\/\/wp-mskssamorin.s3.eu-central-1.amazonaws.com\/wp-content\/uploads\/2022\/08\/19083928\/bga_logo-2048x512.jpg 2048w\" sizes=\"auto, (max-width: 1024px) 100vw, 1024px\" \/><figcaption class=\"wp-element-caption\"><strong>Bethlen G\u00e1bor Alap<\/strong><\/figcaption><\/figure>\n<\/div>\n\n\n<h2 class=\"wp-block-heading\">El\u00e9rhet\u0151s\u00e9g:<\/h2>\n\n\n\n<p><\/p>\n\n\n\n<p>Nagy Myrtil: +421-903-752663, riaditel @ mskssamorin.sk<\/p>\n","protected":false},"excerpt":{"rendered":"<p>T\u00c1MOGASSA AD\u00d3JA 2%-\u00c1VAL A CSALIT \u00e9s Csall\u00f3t! IGAZ\u00c1N J\u00d3 HELYRE KER\u00dcL \ud83d\ude42 2026-ban a 2%-ot a Csali \u00e9s Csall\u00f3 viselett\u00e1r\u00e1nak b\u0151v\u00edt\u00e9s\u00e9re \u00e9s ny\u00e1ri t\u00e1boroztat\u00e1sra szeretn\u00e9nk ford\u00edtani. A NYILATKOZAT let\u00f6lthet\u0151 itt A Csali 1978 szeptember\u00e9ben alakult meg a Csemadok somorjai helyi szervezete mellett. Megalakul\u00e1sa \u00f3ta r\u00e9sztvev\u0151je a legk\u00fcl\u00f6nf\u00e9l\u00e9bb versenyeknek, fesztiv\u00e1loknak, ahonnan mindig komoly elismer\u00e9st jelent\u0151 d\u00edjakkal&#8230; <\/p>\n<div class=\"clear\"><\/div>\n<p><a href=\"https:\/\/mskssamorin.sk\/hu\/csali\/\" class=\"excerpt-read-more newsstand-button\">R\u00e9szletek<\/a><\/p>\n","protected":false},"author":1,"featured_media":0,"parent":0,"menu_order":0,"comment_status":"closed","ping_status":"closed","template":"","meta":{"_acf_changed":false,"footnotes":""},"class_list":["post-308","page","type-page","status-publish","hentry"],"acf":[],"_links":{"self":[{"href":"https:\/\/mskssamorin.sk\/hu\/wp-json\/wp\/v2\/pages\/308","targetHints":{"allow":["GET"]}}],"collection":[{"href":"https:\/\/mskssamorin.sk\/hu\/wp-json\/wp\/v2\/pages"}],"about":[{"href":"https:\/\/mskssamorin.sk\/hu\/wp-json\/wp\/v2\/types\/page"}],"author":[{"embeddable":true,"href":"https:\/\/mskssamorin.sk\/hu\/wp-json\/wp\/v2\/users\/1"}],"replies":[{"embeddable":true,"href":"https:\/\/mskssamorin.sk\/hu\/wp-json\/wp\/v2\/comments?post=308"}],"version-history":[{"count":9,"href":"https:\/\/mskssamorin.sk\/hu\/wp-json\/wp\/v2\/pages\/308\/revisions"}],"predecessor-version":[{"id":3133,"href":"https:\/\/mskssamorin.sk\/hu\/wp-json\/wp\/v2\/pages\/308\/revisions\/3133"}],"wp:attachment":[{"href":"https:\/\/mskssamorin.sk\/hu\/wp-json\/wp\/v2\/media?parent=308"}],"curies":[{"name":"wp","href":"https:\/\/api.w.org\/{rel}","templated":true}]}}