{"id":255,"date":"2022-08-08T15:33:07","date_gmt":"2022-08-08T15:33:07","guid":{"rendered":"https:\/\/mskssamorin.sk\/?page_id=255"},"modified":"2025-12-10T08:32:57","modified_gmt":"2025-12-10T08:32:57","slug":"szolgaltatasok","status":"publish","type":"page","link":"https:\/\/mskssamorin.sk\/hu\/szolgaltatasok\/","title":{"rendered":"Szolg\u00e1ltat\u00e1sok"},"content":{"rendered":"\n<p>A v\u00e1ros sz\u00edv\u00e9ben elhelyezked\u0151, k\u00f6nnyen megk\u00f6zel\u00edthet\u0151 VMK helyis\u00e9geit kultur\u00e1lis, c\u00e9ges rendezv\u00e9nyek, , k\u00e9pz\u00e9sek, \u00e1rubemutat\u00f3k szervez\u00e9s\u00e9hez stb. b\u00e9rbe adjuk.<\/p>\n\n\n\n<ol class=\"wp-block-list\">\n<li>Sz\u00ednh\u00e1zterem: 346 m2, 413 f\u00e9r\u0151hely<\/li>\n\n\n\n<li>Sz\u00ednh\u00e1zterem b\u00e1li elrendez\u00e9s: 184 \u00fcl\u0151hely<\/li>\n\n\n\n<li>Erk\u00e9ly: 100 m2, 52 f\u00e9r\u0151hely<\/li>\n\n\n\n<li>Erk\u00e9ly b\u00e1li elrendez\u00e9s: 72 \u00fcl\u0151hely<\/li>\n\n\n\n<li>Sz\u00ednpad: 200 m2<\/li>\n\n\n\n<li>Tall\u00f3s Proh\u00e1szka Istv\u00e1n ki\u00e1ll\u00edt\u00f3terem: fel\u00faj\u00edtott, klimatiz\u00e1lt, modern kill\u00edt\u00f3terem \u2013 124 m2, max. 60 \u00fcl\u0151hely<\/li>\n\n\n\n<li>B\u00e1bterem: 100 m2, 120 f\u00e9r\u0151hely<\/li>\n\n\n\n<li>B\u00e1btermi sz\u00ednpad: 67 m2<\/li>\n\n\n\n<li>Klubhelyis\u00e9g: 90 m2, max. 70 \u00fcl\u0151hely<\/li>\n\n\n\n<li>Max. 24 elemb\u0151l \u00f6sszerakhat\u00f3 mobil sz\u00ednpad (egy elem 2m x 1m)<\/li>\n<\/ol>\n\n\n\n<p>A helyis\u00e9gek b\u00e9rbe vehet\u0151ek, \u00e9rdekl\u0151djenek a +421-31-562 33 22 tel. sz\u00e1mon.<\/p>\n\n\n\n<h2 class=\"wp-block-heading\"><strong>T\u00f6ltse le b\u00e9rleti \u00e1rainkat itt!<\/strong><\/h2>\n\n\n\n<div data-wp-interactive=\"core\/file\" class=\"wp-block-file\"><object data-wp-bind--hidden=\"!state.hasPdfPreview\" hidden class=\"wp-block-file__embed\" data=\"https:\/\/wp-mskssamorin.s3.eu-central-1.amazonaws.com\/wp-content\/uploads\/2025\/12\/10082545\/prenajomceny_berletarak_2026.pdf\" type=\"application\/pdf\" style=\"width:100%;height:600px\" aria-label=\"prenajomceny_berletarak_2026 be\u00e1gyaz\u00e1sa\"><\/object><a id=\"wp-block-file--media-3058fc0e-4b1f-4ec5-bd19-291aac68782b\" href=\"https:\/\/wp-mskssamorin.s3.eu-central-1.amazonaws.com\/wp-content\/uploads\/2025\/12\/10082545\/prenajomceny_berletarak_2026.pdf\">prenajomceny_berletarak_2026<\/a><a href=\"https:\/\/wp-mskssamorin.s3.eu-central-1.amazonaws.com\/wp-content\/uploads\/2025\/12\/10082545\/prenajomceny_berletarak_2026.pdf\" class=\"wp-block-file__button wp-element-button\" download aria-describedby=\"wp-block-file--media-3058fc0e-4b1f-4ec5-bd19-291aac68782b\">Stiahnu\u0165<\/a><\/div>\n\n\n\n<h2 class=\"wp-block-heading\"><strong>A sz\u00ednh\u00e1zterem \u00fcl\u00e9srendje let\u00f6lthet\u0151 itt!<\/strong><\/h2>\n\n\n\n<div data-wp-interactive=\"core\/file\" class=\"wp-block-file\"><object data-wp-bind--hidden=\"!state.hasPdfPreview\" hidden class=\"wp-block-file__embed\" data=\"https:\/\/wp-mskssamorin.s3.eu-central-1.amazonaws.com\/wp-content\/uploads\/2025\/12\/10082529\/Estradna_sala-Nagyterem_ulesrend.pdf\" type=\"application\/pdf\" style=\"width:100%;height:600px\" aria-label=\"Estradna_sala-Nagyterem_ulesrend be\u00e1gyaz\u00e1sa\"><\/object><a id=\"wp-block-file--media-87e5e309-ece0-4970-90ea-2486017f06b0\" href=\"https:\/\/wp-mskssamorin.s3.eu-central-1.amazonaws.com\/wp-content\/uploads\/2025\/12\/10082529\/Estradna_sala-Nagyterem_ulesrend.pdf\">Estradna_sala-Nagyterem_ulesrend<\/a><a href=\"https:\/\/wp-mskssamorin.s3.eu-central-1.amazonaws.com\/wp-content\/uploads\/2025\/12\/10082529\/Estradna_sala-Nagyterem_ulesrend.pdf\" class=\"wp-block-file__button wp-element-button\" download aria-describedby=\"wp-block-file--media-87e5e309-ece0-4970-90ea-2486017f06b0\">Stiahnu\u0165<\/a><\/div>\n","protected":false},"excerpt":{"rendered":"<p>A v\u00e1ros sz\u00edv\u00e9ben elhelyezked\u0151, k\u00f6nnyen megk\u00f6zel\u00edthet\u0151 VMK helyis\u00e9geit kultur\u00e1lis, c\u00e9ges rendezv\u00e9nyek, , k\u00e9pz\u00e9sek, \u00e1rubemutat\u00f3k szervez\u00e9s\u00e9hez stb. b\u00e9rbe adjuk. A helyis\u00e9gek b\u00e9rbe vehet\u0151ek, \u00e9rdekl\u0151djenek a +421-31-562 33 22 tel. sz\u00e1mon. T\u00f6ltse le b\u00e9rleti \u00e1rainkat itt! A sz\u00ednh\u00e1zterem \u00fcl\u00e9srendje let\u00f6lthet\u0151 itt!<\/p>\n","protected":false},"author":1,"featured_media":0,"parent":0,"menu_order":0,"comment_status":"closed","ping_status":"closed","template":"","meta":{"_acf_changed":false,"footnotes":""},"class_list":["post-255","page","type-page","status-publish","hentry"],"acf":[],"_links":{"self":[{"href":"https:\/\/mskssamorin.sk\/hu\/wp-json\/wp\/v2\/pages\/255","targetHints":{"allow":["GET"]}}],"collection":[{"href":"https:\/\/mskssamorin.sk\/hu\/wp-json\/wp\/v2\/pages"}],"about":[{"href":"https:\/\/mskssamorin.sk\/hu\/wp-json\/wp\/v2\/types\/page"}],"author":[{"embeddable":true,"href":"https:\/\/mskssamorin.sk\/hu\/wp-json\/wp\/v2\/users\/1"}],"replies":[{"embeddable":true,"href":"https:\/\/mskssamorin.sk\/hu\/wp-json\/wp\/v2\/comments?post=255"}],"version-history":[{"count":5,"href":"https:\/\/mskssamorin.sk\/hu\/wp-json\/wp\/v2\/pages\/255\/revisions"}],"predecessor-version":[{"id":3023,"href":"https:\/\/mskssamorin.sk\/hu\/wp-json\/wp\/v2\/pages\/255\/revisions\/3023"}],"wp:attachment":[{"href":"https:\/\/mskssamorin.sk\/hu\/wp-json\/wp\/v2\/media?parent=255"}],"curies":[{"name":"wp","href":"https:\/\/api.w.org\/{rel}","templated":true}]}}